{"id":13,"date":"2019-06-19T08:47:59","date_gmt":"2019-06-19T06:47:59","guid":{"rendered":"https:\/\/www.lespallieres.fr\/?page_id=13"},"modified":"2021-03-29T12:00:20","modified_gmt":"2021-03-29T10:00:20","slug":"geographie","status":"publish","type":"page","link":"https:\/\/www.lespallieres.fr\/en\/le-domaine\/geographie\/","title":{"rendered":"Geography"},"content":{"rendered":"<div class=\"wpb-content-wrapper\"><div class=\"vc_row wpb_row vc_row-fluid\"><div class=\"wpb_column vc_column_container vc_col-sm-12\"><div class=\"vc_column-inner\"><div class=\"wpb_wrapper\"><h1 style=\"text-align: left\" class=\"vc_custom_heading vc_do_custom_heading\" >Geography<\/h1><div class=\"vc_empty_space\"   style=\"height: 32px\"><span class=\"vc_empty_space_inner\"><\/span><\/div>\n\t<div class=\"wpb_text_column wpb_content_element\" >\n\t\t<div class=\"wpb_wrapper\">\n\t\t\t<p><strong>Domaine Les Palli\u00e8res lies in the northeast of the municipality of Gigondas, in the French department of Vaucluse. All its plots are in the Gigondas AOP area. <\/strong><strong>The estate is equidistant from the towns of Orange, Carpentras and Vaison-la-Romaine (15-20 km away). Avignon, the chief town of the Department of Vaucluse, is 35 km away. <\/strong><strong>Most of the vine-planted plots are situated around the buildings; the furthest away is three kilometres from the road. Although the plots are scattered, no reparcelling was required: the estate was bought as a single piece of land, and is entirely owner-operated. <\/strong><strong>The estate totals 135 hectares. The utilised agricultural land planted with vines covers 25 hectares. The other 110 hectares is woodland.<\/strong><\/p>\n\n\t\t<\/div>\n\t<\/div>\n<\/div><\/div><\/div><\/div><div class=\"vc_row wpb_row vc_row-fluid vc_row-o-equal-height vc_row-flex\"><div class=\"wpb_column vc_column_container vc_col-sm-8\"><div class=\"vc_column-inner\"><div class=\"wpb_wrapper\"><h2 style=\"text-align: left\" class=\"vc_custom_heading vc_do_custom_heading\" >Soils<\/h2><div class=\"vc_empty_space\"   style=\"height: 20px\"><span class=\"vc_empty_space_inner\"><\/span><\/div>\n\t<div class=\"wpb_text_column wpb_content_element\" >\n\t\t<div class=\"wpb_wrapper\">\n\t\t\t<p>Most of the estate\u2019s vineyards are arranged in single-row terraces to cope with the very steep slopes. The shallow soil sits on a layer of very compact red clay, and is partly covered by limestone rockslides from the Dentelles de Montmirail massif. The higher you go, the greater the proportion of scree.<\/p>\n<p>This complementary match of soils and scree allows rainwater to seep deeper. This combination also promotes the night-time storage of solar energy, thus prolonging the activity of the plants. The clay-rich soils are typical of Grand Cru terroirs.<\/p>\n<p>Eug\u00e8ne Raspail, in a book dedicated to his uncle Fran\u00e7ois-Vincent, gave a description of the Gigondas terroir, within the Dentelles de Montmirail, that still applies today:<\/p>\n<p><em><br \/>\n<\/em><em>\u201cThe topology of the Gigondas area presents three principal and parallel chains, running west to northeast along a curve, the centre of which is in the northwest. The crest line of these three chains consists of a grey Jurassic limestone. On the southern side, the first line covers black clay from the Oxfordian. To the north, the third line is covered by Lower Neocomian terrain, Gault clay, green sandstone and chloritic chalk. The two intermediate valleys (Col d'Alsau and Buissi\u00e8re) belong wholly to the Lower Neocomian. In the latter valley, in the district of Cayron, clay-rich marls alternate with banks of blue and yellow limestone.\u201d<\/em><\/p>\n\n\t\t<\/div>\n\t<\/div>\n<h2 style=\"text-align: left\" class=\"vc_custom_heading vc_do_custom_heading\" >Climate<\/h2><div class=\"vc_empty_space\"   style=\"height: 20px\"><span class=\"vc_empty_space_inner\"><\/span><\/div>\n\t<div class=\"wpb_text_column wpb_content_element\" >\n\t\t<div class=\"wpb_wrapper\">\n\t\t\t<p>This terroir has a four-part climate:<\/p>\n<ul>\n<li>two dry seasons (a short winter and a very long, intensely dry summer)<\/li>\n<li>and two rainy seasons: autumn\u00a0(sudden and abundant rainfall) and spring.<\/li>\n<\/ul>\n<p>Its Mediterranean climate is an exceptional asset:<\/p>\n<ul>\n<li>The Mistral\u00a0wind keeps the vineyards healthy<\/li>\n<li>Rainfall in each season differs markedly<\/li>\n<li>Very hot summer temperatures<\/li>\n<\/ul>\n<p><strong>\u00a0<\/strong><\/p>\n<h3><em>The name of the Palli\u00e8res locality certainly has its roots in the word palier (step, stage, level) \u2013 a reference to the difference in level between the rows of vines planted there. You walk through these vineyards as if climbing a giant stairway, whose steps, though evenly spaced, vary in gradient depending on the slope.<\/em><\/p>\n\n\t\t<\/div>\n\t<\/div>\n<\/div><\/div><\/div><div class=\"wpb_column vc_column_container vc_col-sm-4\"><div class=\"vc_column-inner\"><div class=\"wpb_wrapper\">\n\t<div  class=\"wpb_single_image wpb_content_element vc_align_left wpb_content_element vc_custom_1591707890182\">\n\t\t\n\t\t<figure class=\"wpb_wrapper vc_figure\">\n\t\t\t<div class=\"vc_single_image-wrapper   vc_box_border_grey\"><img loading=\"lazy\" decoding=\"async\" width=\"600\" height=\"938\" src=\"https:\/\/www.lespallieres.fr\/wp-content\/uploads\/2020\/05\/PALLIERES-VIGNES-CERISIERS.jpg\" class=\"vc_single_image-img attachment-full\" alt=\"\" title=\"PALLIERES-VIGNES-CERISIERS\" srcset=\"https:\/\/www.lespallieres.fr\/wp-content\/uploads\/2020\/05\/PALLIERES-VIGNES-CERISIERS.jpg 600w, https:\/\/www.lespallieres.fr\/wp-content\/uploads\/2020\/05\/PALLIERES-VIGNES-CERISIERS-96x150.jpg 96w, https:\/\/www.lespallieres.fr\/wp-content\/uploads\/2020\/05\/PALLIERES-VIGNES-CERISIERS-192x300.jpg 192w\" sizes=\"auto, (max-width: 600px) 100vw, 600px\" \/><\/div>\n\t\t<\/figure>\n\t<\/div>\n\n\t<div class=\"wpb_text_column wpb_content_element\" >\n\t\t<div class=\"wpb_wrapper\">\n\t\t\t\n\t\t<\/div>\n\t<\/div>\n\n\t<div  class=\"wpb_single_image wpb_content_element vc_align_left wpb_content_element vc_custom_1591707845676\">\n\t\t\n\t\t<figure class=\"wpb_wrapper vc_figure\">\n\t\t\t<div class=\"vc_single_image-wrapper   vc_box_border_grey\"><img loading=\"lazy\" decoding=\"async\" width=\"600\" height=\"862\" src=\"https:\/\/www.lespallieres.fr\/wp-content\/uploads\/2020\/05\/PALLIERES-VIGNES.jpg\" class=\"vc_single_image-img attachment-full\" alt=\"\" title=\"PALLIERES-VIGNES\" srcset=\"https:\/\/www.lespallieres.fr\/wp-content\/uploads\/2020\/05\/PALLIERES-VIGNES.jpg 600w, https:\/\/www.lespallieres.fr\/wp-content\/uploads\/2020\/05\/PALLIERES-VIGNES-104x150.jpg 104w, https:\/\/www.lespallieres.fr\/wp-content\/uploads\/2020\/05\/PALLIERES-VIGNES-209x300.jpg 209w\" sizes=\"auto, (max-width: 600px) 100vw, 600px\" \/><\/div>\n\t\t<\/figure>\n\t<\/div>\n\n\t<div class=\"wpb_text_column wpb_content_element\" >\n\t\t<div class=\"wpb_wrapper\">\n\t\t\t\n\t\t<\/div>\n\t<\/div>\n\n\t<div  class=\"wpb_single_image wpb_content_element vc_align_left wpb_content_element vc_custom_1591707824560\">\n\t\t\n\t\t<figure class=\"wpb_wrapper vc_figure\">\n\t\t\t<div class=\"vc_single_image-wrapper   vc_box_border_grey\"><img loading=\"lazy\" decoding=\"async\" width=\"941\" height=\"600\" src=\"https:\/\/www.lespallieres.fr\/wp-content\/uploads\/2020\/05\/PALLIERES-TERROIR.jpg\" class=\"vc_single_image-img attachment-full\" alt=\"\" title=\"PALLIERES-TERROIR\" srcset=\"https:\/\/www.lespallieres.fr\/wp-content\/uploads\/2020\/05\/PALLIERES-TERROIR.jpg 941w, https:\/\/www.lespallieres.fr\/wp-content\/uploads\/2020\/05\/PALLIERES-TERROIR-150x96.jpg 150w, https:\/\/www.lespallieres.fr\/wp-content\/uploads\/2020\/05\/PALLIERES-TERROIR-300x191.jpg 300w, https:\/\/www.lespallieres.fr\/wp-content\/uploads\/2020\/05\/PALLIERES-TERROIR-768x490.jpg 768w\" sizes=\"auto, (max-width: 941px) 100vw, 941px\" \/><\/div>\n\t\t<\/figure>\n\t<\/div>\n\n\t<div class=\"wpb_text_column wpb_content_element\" >\n\t\t<div class=\"wpb_wrapper\">\n\t\t\t\n\t\t<\/div>\n\t<\/div>\n<\/div><\/div><\/div><\/div><div class=\"vc_row wpb_row vc_row-fluid\"><div class=\"wpb_column vc_column_container vc_col-sm-12\"><div class=\"vc_column-inner\"><div class=\"wpb_wrapper\">\n\t<div class=\"wpb_text_column wpb_content_element\" >\n\t\t<div class=\"wpb_wrapper\">\n\t\t\t<\/h3>\n<p>&nbsp;<\/p>\n\n\t\t<\/div>\n\t<\/div>\n<\/div><\/div><\/div><\/div>\n<\/div>","protected":false},"excerpt":{"rendered":"G\u00e9ographie Le Domaine Les Palli\u00e8res se situe au nord-est de la commune de Gigondas (Vaucluse, France). Toutes les parcelles sont situ\u00e9es dans l\u2019aire d\u2019appellation prot\u00e9g\u00e9e \"Gigondas\". Le Domaine se trouve \u00e0 distances \u00e9quivalentes entre les villes d\u2019Orange, Carpentras et Vaison-la-Romaine (15 \u00e0 20 km). Avignon, chef-lieu du d\u00e9partement du Vaucluse est \u00e0 35 km. La...","protected":false},"author":1,"featured_media":0,"parent":7,"menu_order":0,"comment_status":"closed","ping_status":"closed","template":"","meta":{"footnotes":""},"class_list":["post-13","page","type-page","status-publish","hentry"],"_links":{"self":[{"href":"https:\/\/www.lespallieres.fr\/en\/wp-json\/wp\/v2\/pages\/13","targetHints":{"allow":["GET"]}}],"collection":[{"href":"https:\/\/www.lespallieres.fr\/en\/wp-json\/wp\/v2\/pages"}],"about":[{"href":"https:\/\/www.lespallieres.fr\/en\/wp-json\/wp\/v2\/types\/page"}],"author":[{"embeddable":true,"href":"https:\/\/www.lespallieres.fr\/en\/wp-json\/wp\/v2\/users\/1"}],"replies":[{"embeddable":true,"href":"https:\/\/www.lespallieres.fr\/en\/wp-json\/wp\/v2\/comments?post=13"}],"version-history":[{"count":22,"href":"https:\/\/www.lespallieres.fr\/en\/wp-json\/wp\/v2\/pages\/13\/revisions"}],"predecessor-version":[{"id":249,"href":"https:\/\/www.lespallieres.fr\/en\/wp-json\/wp\/v2\/pages\/13\/revisions\/249"}],"up":[{"embeddable":true,"href":"https:\/\/www.lespallieres.fr\/en\/wp-json\/wp\/v2\/pages\/7"}],"wp:attachment":[{"href":"https:\/\/www.lespallieres.fr\/en\/wp-json\/wp\/v2\/media?parent=13"}],"curies":[{"name":"wp","href":"https:\/\/api.w.org\/{rel}","templated":true}]}}