{"id":2,"date":"2019-06-11T11:23:53","date_gmt":"2019-06-11T09:23:53","guid":{"rendered":"https:\/\/www.lespallieres.fr\/?page_id=2"},"modified":"2026-01-28T10:18:32","modified_gmt":"2026-01-28T09:18:32","slug":"gigondas","status":"publish","type":"page","link":"https:\/\/www.lespallieres.fr\/en\/","title":{"rendered":"Gigondas"},"content":{"rendered":"<div class=\"wpb-content-wrapper\"><div class=\"vc_row wpb_row vc_row-fluid\"><div class=\"wpb_column vc_column_container vc_col-sm-12\"><div class=\"vc_column-inner\"><div class=\"wpb_wrapper\">\n\t<div  class=\"wpb_single_image wpb_content_element vc_align_center wpb_content_element\">\n\t\t\n\t\t<figure class=\"wpb_wrapper vc_figure\">\n\t\t\t<div class=\"vc_single_image-wrapper   vc_box_border_grey\"><img loading=\"lazy\" decoding=\"async\" width=\"1200\" height=\"734\" src=\"https:\/\/www.lespallieres.fr\/wp-content\/uploads\/2020\/10\/domaine-pallieres.jpg\" class=\"vc_single_image-img attachment-full\" alt=\"\" title=\"domaine-pallieres\" srcset=\"https:\/\/www.lespallieres.fr\/wp-content\/uploads\/2020\/10\/domaine-pallieres.jpg 1200w, https:\/\/www.lespallieres.fr\/wp-content\/uploads\/2020\/10\/domaine-pallieres-150x92.jpg 150w, https:\/\/www.lespallieres.fr\/wp-content\/uploads\/2020\/10\/domaine-pallieres-300x184.jpg 300w, https:\/\/www.lespallieres.fr\/wp-content\/uploads\/2020\/10\/domaine-pallieres-768x470.jpg 768w, https:\/\/www.lespallieres.fr\/wp-content\/uploads\/2020\/10\/domaine-pallieres-1024x626.jpg 1024w\" sizes=\"auto, (max-width: 1200px) 100vw, 1200px\" \/><\/div>\n\t\t<\/figure>\n\t<\/div>\n<\/div><\/div><\/div><\/div><div class=\"vc_row wpb_row vc_row-fluid\"><div class=\"wpb_column vc_column_container vc_col-sm-12\"><div class=\"vc_column-inner\"><div class=\"wpb_wrapper\"><div class=\"vc_empty_space\"   style=\"height: 32px\"><span class=\"vc_empty_space_inner\"><\/span><\/div>\n\t<div class=\"wpb_text_column wpb_content_element\" >\n\t\t<div class=\"wpb_wrapper\">\n\t\t\t<p class=\"p1\"><b>To the north of the Dentelles de Montmirail, in the municipality of Gigondas, in the locality of Les Palli\u00e8res, each row of vines is a contour line. The countryside here exudes uncommon charm. <\/b><b>Working in this fabulous garden of vines, we make every effort to extract from an exceptional terroir the Gigondas wines we desire!<\/b><\/p>\n<p class=\"p3\">Les Palli\u00e8res is a little paradise on earth. Anyone arriving in this magical place for the first time is inevitably spellbound. The countryside exerts amazing charm: the buildings nestle amid 25 hectares of vines on hillsides dotted with cherry, fig, olive, peach and walnut trees, in addition to the surrounding forest. What makes the spot so alluring is the happy marriage of crops and the southern forest, composed mainly of pine and oak. The estate includes 110 hectares of woodland, which serves as a protective belt around the vines. But the picture would not be complete without mentioning the spring that fills the fountains, adding a year-round touch of coolness which in the summer months is pure magic.<\/p>\n<p class=\"p3\">Ici, depuis des temps recul\u00e9s, on cultive la vigne avec passion, on vinifie et on \u00e9l\u00e8ve les vins.<\/p>\n\n\t\t<\/div>\n\t<\/div>\n<\/div><\/div><\/div><\/div>\n<\/div>","protected":false},"excerpt":{"rendered":"Au nord des Dentelles de Montmirail, sur la commune de Gigondas, au lieu-dit Les Palli\u00e8res (autrefois nomm\u00e9 \"Palli\u00e8re\"), chaque rang de vigne est une courbe de niveau. La campagne y poss\u00e8de un charme rare. Travailler au beau milieu de ce fabuleux jardin de vignes, mettre tout en \u0153uvre pour extraire de ce terroir exceptionnel le...","protected":false},"author":1,"featured_media":0,"parent":0,"menu_order":0,"comment_status":"closed","ping_status":"closed","template":"templates\/home.php","meta":{"footnotes":""},"class_list":["post-2","page","type-page","status-publish","hentry"],"_links":{"self":[{"href":"https:\/\/www.lespallieres.fr\/en\/wp-json\/wp\/v2\/pages\/2","targetHints":{"allow":["GET"]}}],"collection":[{"href":"https:\/\/www.lespallieres.fr\/en\/wp-json\/wp\/v2\/pages"}],"about":[{"href":"https:\/\/www.lespallieres.fr\/en\/wp-json\/wp\/v2\/types\/page"}],"author":[{"embeddable":true,"href":"https:\/\/www.lespallieres.fr\/en\/wp-json\/wp\/v2\/users\/1"}],"replies":[{"embeddable":true,"href":"https:\/\/www.lespallieres.fr\/en\/wp-json\/wp\/v2\/comments?post=2"}],"version-history":[{"count":23,"href":"https:\/\/www.lespallieres.fr\/en\/wp-json\/wp\/v2\/pages\/2\/revisions"}],"predecessor-version":[{"id":308,"href":"https:\/\/www.lespallieres.fr\/en\/wp-json\/wp\/v2\/pages\/2\/revisions\/308"}],"wp:attachment":[{"href":"https:\/\/www.lespallieres.fr\/en\/wp-json\/wp\/v2\/media?parent=2"}],"curies":[{"name":"wp","href":"https:\/\/api.w.org\/{rel}","templated":true}]}}